{"id":36142,"date":"2025-05-27T13:32:20","date_gmt":"2025-05-27T13:32:20","guid":{"rendered":"https:\/\/www.tiki.ee\/product\/kastihaagis-cp327-lh-pro-plastkaanega-2\/"},"modified":"2026-04-12T21:16:29","modified_gmt":"2026-04-12T21:16:29","slug":"kastihaagis-cp327-lh-pro-plastkaanega-2","status":"publish","type":"product","link":"https:\/\/www.tiki.ee\/ru\/product\/kastihaagis-cp327-lh-pro-plastkaanega-2\/","title":{"rendered":"Kastihaagis CP327-LH PRO plastkaanega"},"content":{"rendered":"","protected":false},"excerpt":{"rendered":"<p><span style=\"text-align: left\"><strong>Komplekti hinnas plastkaas (hall v&otilde;i must) ja kaane paigaldus TASUTA!<\/strong><\/span><\/p>\n<p><strong>PRO seeria on TIKI kastihaagiste lipulaev \u2013 sobib eelk\u00f5ige professionaalseks kasutamiseks. Tugevdatud t\u00e4iskeevisraamil haagis on m\u00f5eldud igap\u00e4evaseks kasutamiseks eriti raskete koormate vedamisel. Lisaks on antud seeria haagised varustatud uuendusliku esiluugiga. Esiluugi nurkades on PPF (Paint Protection Film), mis suurendab k\u00f5ige enam auto rataste alt lendavate kivide t\u00f5ttu kahjustustusi saanud pindade kaitset.<\/strong><\/p>\n<p>Haagise valmistamisel on kasutatud p\u00f5hjamaistesse oludesse sobivat kuumtsingitud lehtmetalli. Tugevad kahe soonega k\u00fcljeprofiilid suurendavad haagise j\u00e4ikust. Amortidega lehtvedrustus leevendab l\u00f6\u00f6kaukude m\u00f5ju haagisele ja parandab s\u00f5iduomadusi. Veekindlad rummud kindlustavad laagritele pikema eluea. Metallist pealeastumist taluvad poritiivad ja astmelauad v\u00f5imaldavad haagise mugavamat kasutamist. Veokast on koorma turvaliseks kinnitamiseks varustatud seest rihma-aasadega ja v\u00e4ljast konksudega. Rihma-aasad on kinnitatud haagise k\u00fcljepostidele, et tagada suurem t\u00f5mbetugevus koorma kinnitamisel.  Lisaks on seel\u00e4bi haagise p\u00f5hi t\u00e4ies ulatuses kasutatav ning aasad ei sega peale- ja mahalaadimist (n\u00e4iteks puistematerjal). Kallutatav veokast ja t\u00e4iskeevisraamil tagaluuk v\u00f5imaldab haagist kasutada kergemate s\u00f5idukitega peale ning maha s\u00f5iduks (murutraktor, ATV jms).<\/p>\n<p>Vaata <a href=\"https:\/\/youtu.be\/FZ3SGa_FjzM?si=RiHBYazwEnK2RoSJ\" target=\"_blank\" rel=\"noopener\">tootevideot <\/a>PRO haagisest&nbsp;<\/p>\n","protected":false},"featured_media":30264,"template":"","meta":[],"product_cat":[1011],"product_tag":[],"acf":[],"yoast_head":"<!-- This site is optimized with the Yoast SEO plugin v21.2 - https:\/\/yoast.com\/wordpress\/plugins\/seo\/ -->\n<title>Kastihaagis CP327-LH PRO plastkaanega | 24\/7 haagiste m\u00fc\u00fck | Tiki<\/title>\n<meta name=\"description\" content=\"Kastihaagis CP327-LH PRO plastkaanega Meil on 35a kogemust haagiste valmistamisel! \u27a8 Tutvu tootega Tiki e-poes!\" \/>\n<meta name=\"robots\" content=\"index, follow, max-snippet:-1, max-image-preview:large, max-video-preview:-1\" \/>\n<link rel=\"canonical\" href=\"https:\/\/www.tiki.ee\/ru\/product\/kastihaagis-cp327-lh-pro-plastkaanega-2\/\" \/>\n<meta property=\"og:locale\" content=\"ru_RU\" \/>\n<meta property=\"og:type\" content=\"article\" \/>\n<meta property=\"og:title\" content=\"Kastihaagis CP327-LH PRO plastkaanega | 24\/7 haagiste m\u00fc\u00fck | Tiki\" \/>\n<meta property=\"og:description\" content=\"Kastihaagis CP327-LH PRO plastkaanega Meil on 35a kogemust haagiste valmistamisel! \u27a8 Tutvu tootega Tiki e-poes!\" \/>\n<meta property=\"og:url\" content=\"https:\/\/www.tiki.ee\/ru\/product\/kastihaagis-cp327-lh-pro-plastkaanega-2\/\" \/>\n<meta property=\"og:site_name\" content=\"Tiki\" \/>\n<meta property=\"article:modified_time\" content=\"2026-04-12T21:16:29+00:00\" \/>\n<meta property=\"og:image\" content=\"https:\/\/www.tiki.ee\/wp-content\/uploads\/2024\/03\/sc0168tik-1.jpg\" \/>\n\t<meta property=\"og:image:width\" content=\"1920\" \/>\n\t<meta property=\"og:image:height\" content=\"1440\" \/>\n\t<meta property=\"og:image:type\" content=\"image\/jpeg\" \/>\n<meta name=\"twitter:card\" content=\"summary_large_image\" \/>\n<script type=\"application\/ld+json\" class=\"yoast-schema-graph\">{\"@context\":\"https:\/\/schema.org\",\"@graph\":[{\"@type\":\"WebPage\",\"@id\":\"https:\/\/www.tiki.ee\/ru\/product\/kastihaagis-cp327-lh-pro-plastkaanega-2\/\",\"url\":\"https:\/\/www.tiki.ee\/ru\/product\/kastihaagis-cp327-lh-pro-plastkaanega-2\/\",\"name\":\"Kastihaagis CP327-LH PRO plastkaanega | 24\/7 haagiste m\u00fc\u00fck | Tiki\",\"isPartOf\":{\"@id\":\"https:\/\/www.tiki.ee\/ru\/#website\"},\"datePublished\":\"2025-05-27T13:32:20+00:00\",\"dateModified\":\"2026-04-12T21:16:29+00:00\",\"description\":\"Kastihaagis CP327-LH PRO plastkaanega Meil on 35a kogemust haagiste valmistamisel! \u27a8 Tutvu tootega Tiki e-poes!\",\"breadcrumb\":{\"@id\":\"https:\/\/www.tiki.ee\/ru\/product\/kastihaagis-cp327-lh-pro-plastkaanega-2\/#breadcrumb\"},\"inLanguage\":\"ru-RU\",\"potentialAction\":[{\"@type\":\"ReadAction\",\"target\":[\"https:\/\/www.tiki.ee\/ru\/product\/kastihaagis-cp327-lh-pro-plastkaanega-2\/\"]}]},{\"@type\":\"BreadcrumbList\",\"@id\":\"https:\/\/www.tiki.ee\/ru\/product\/kastihaagis-cp327-lh-pro-plastkaanega-2\/#breadcrumb\",\"itemListElement\":[{\"@type\":\"ListItem\",\"position\":1,\"name\":\"Pood\",\"item\":\"https:\/\/www.tiki.ee\/pood\/\"},{\"@type\":\"ListItem\",\"position\":2,\"name\":\"Kastihaagis CP327-LH PRO plastkaanega\"}]},{\"@type\":\"WebSite\",\"@id\":\"https:\/\/www.tiki.ee\/ru\/#website\",\"url\":\"https:\/\/www.tiki.ee\/ru\/\",\"name\":\"Tiki\",\"description\":\"Professionaali Valik\",\"publisher\":{\"@id\":\"https:\/\/www.tiki.ee\/ru\/#organization\"},\"potentialAction\":[{\"@type\":\"SearchAction\",\"target\":{\"@type\":\"EntryPoint\",\"urlTemplate\":\"https:\/\/www.tiki.ee\/ru\/?s={search_term_string}\"},\"query-input\":\"required name=search_term_string\"}],\"inLanguage\":\"ru-RU\"},{\"@type\":\"Organization\",\"@id\":\"https:\/\/www.tiki.ee\/ru\/#organization\",\"name\":\"Tiki\",\"url\":\"https:\/\/www.tiki.ee\/ru\/\",\"logo\":{\"@type\":\"ImageObject\",\"inLanguage\":\"ru-RU\",\"@id\":\"https:\/\/www.tiki.ee\/ru\/#\/schema\/logo\/image\/\",\"url\":\"https:\/\/www.tiki.ee\/wp-content\/uploads\/2022\/12\/logo.svg\",\"contentUrl\":\"https:\/\/www.tiki.ee\/wp-content\/uploads\/2022\/12\/logo.svg\",\"caption\":\"Tiki\"},\"image\":{\"@id\":\"https:\/\/www.tiki.ee\/ru\/#\/schema\/logo\/image\/\"}}]}<\/script>\n<!-- \/ Yoast SEO plugin. -->","yoast_head_json":{"title":"Kastihaagis CP327-LH PRO plastkaanega | 24\/7 haagiste m\u00fc\u00fck | Tiki","description":"Kastihaagis CP327-LH PRO plastkaanega Meil on 35a kogemust haagiste valmistamisel! \u27a8 Tutvu tootega Tiki e-poes!","robots":{"index":"index","follow":"follow","max-snippet":"max-snippet:-1","max-image-preview":"max-image-preview:large","max-video-preview":"max-video-preview:-1"},"canonical":"https:\/\/www.tiki.ee\/ru\/product\/kastihaagis-cp327-lh-pro-plastkaanega-2\/","og_locale":"ru_RU","og_type":"article","og_title":"Kastihaagis CP327-LH PRO plastkaanega | 24\/7 haagiste m\u00fc\u00fck | Tiki","og_description":"Kastihaagis CP327-LH PRO plastkaanega Meil on 35a kogemust haagiste valmistamisel! \u27a8 Tutvu tootega Tiki e-poes!","og_url":"https:\/\/www.tiki.ee\/ru\/product\/kastihaagis-cp327-lh-pro-plastkaanega-2\/","og_site_name":"Tiki","article_modified_time":"2026-04-12T21:16:29+00:00","og_image":[{"width":1920,"height":1440,"url":"https:\/\/www.tiki.ee\/wp-content\/uploads\/2024\/03\/sc0168tik-1.jpg","type":"image\/jpeg"}],"twitter_card":"summary_large_image","schema":{"@context":"https:\/\/schema.org","@graph":[{"@type":"WebPage","@id":"https:\/\/www.tiki.ee\/ru\/product\/kastihaagis-cp327-lh-pro-plastkaanega-2\/","url":"https:\/\/www.tiki.ee\/ru\/product\/kastihaagis-cp327-lh-pro-plastkaanega-2\/","name":"Kastihaagis CP327-LH PRO plastkaanega | 24\/7 haagiste m\u00fc\u00fck | Tiki","isPartOf":{"@id":"https:\/\/www.tiki.ee\/ru\/#website"},"datePublished":"2025-05-27T13:32:20+00:00","dateModified":"2026-04-12T21:16:29+00:00","description":"Kastihaagis CP327-LH PRO plastkaanega Meil on 35a kogemust haagiste valmistamisel! \u27a8 Tutvu tootega Tiki e-poes!","breadcrumb":{"@id":"https:\/\/www.tiki.ee\/ru\/product\/kastihaagis-cp327-lh-pro-plastkaanega-2\/#breadcrumb"},"inLanguage":"ru-RU","potentialAction":[{"@type":"ReadAction","target":["https:\/\/www.tiki.ee\/ru\/product\/kastihaagis-cp327-lh-pro-plastkaanega-2\/"]}]},{"@type":"BreadcrumbList","@id":"https:\/\/www.tiki.ee\/ru\/product\/kastihaagis-cp327-lh-pro-plastkaanega-2\/#breadcrumb","itemListElement":[{"@type":"ListItem","position":1,"name":"Pood","item":"https:\/\/www.tiki.ee\/pood\/"},{"@type":"ListItem","position":2,"name":"Kastihaagis CP327-LH PRO plastkaanega"}]},{"@type":"WebSite","@id":"https:\/\/www.tiki.ee\/ru\/#website","url":"https:\/\/www.tiki.ee\/ru\/","name":"Tiki","description":"Professionaali Valik","publisher":{"@id":"https:\/\/www.tiki.ee\/ru\/#organization"},"potentialAction":[{"@type":"SearchAction","target":{"@type":"EntryPoint","urlTemplate":"https:\/\/www.tiki.ee\/ru\/?s={search_term_string}"},"query-input":"required name=search_term_string"}],"inLanguage":"ru-RU"},{"@type":"Organization","@id":"https:\/\/www.tiki.ee\/ru\/#organization","name":"Tiki","url":"https:\/\/www.tiki.ee\/ru\/","logo":{"@type":"ImageObject","inLanguage":"ru-RU","@id":"https:\/\/www.tiki.ee\/ru\/#\/schema\/logo\/image\/","url":"https:\/\/www.tiki.ee\/wp-content\/uploads\/2022\/12\/logo.svg","contentUrl":"https:\/\/www.tiki.ee\/wp-content\/uploads\/2022\/12\/logo.svg","caption":"Tiki"},"image":{"@id":"https:\/\/www.tiki.ee\/ru\/#\/schema\/logo\/image\/"}}]}},"_links":{"self":[{"href":"https:\/\/www.tiki.ee\/ru\/wp-json\/wp\/v2\/product\/36142"}],"collection":[{"href":"https:\/\/www.tiki.ee\/ru\/wp-json\/wp\/v2\/product"}],"about":[{"href":"https:\/\/www.tiki.ee\/ru\/wp-json\/wp\/v2\/types\/product"}],"wp:featuredmedia":[{"embeddable":true,"href":"https:\/\/www.tiki.ee\/ru\/wp-json\/wp\/v2\/media\/30264"}],"wp:attachment":[{"href":"https:\/\/www.tiki.ee\/ru\/wp-json\/wp\/v2\/media?parent=36142"}],"wp:term":[{"taxonomy":"product_cat","embeddable":true,"href":"https:\/\/www.tiki.ee\/ru\/wp-json\/wp\/v2\/product_cat?post=36142"},{"taxonomy":"product_tag","embeddable":true,"href":"https:\/\/www.tiki.ee\/ru\/wp-json\/wp\/v2\/product_tag?post=36142"}],"curies":[{"name":"wp","href":"https:\/\/api.w.org\/{rel}","templated":true}]}}