{"id":36969,"date":"2025-09-09T13:28:04","date_gmt":"2025-09-09T13:28:04","guid":{"rendered":"https:\/\/www.tiki.ee\/product\/kastihaagis-cs300-lh-plastkaanega-9\/"},"modified":"2026-04-08T19:45:29","modified_gmt":"2026-04-08T19:45:29","slug":"kastihaagis-cs300-lh-plastkaanega-9","status":"publish","type":"product","link":"https:\/\/www.tiki.ee\/en\/product\/kastihaagis-cs300-lh-plastkaanega-9\/","title":{"rendered":"Kastihaagis CS300-LH plastkaanega"},"content":{"rendered":"","protected":false},"excerpt":{"rendered":"<p><span style=\"color: #0087ce\"><strong>Suurima kandev\u00f5imega 3m haagis. 2024.a. enim m\u00fc\u00fcdud haagis Eestis.<\/strong><\/span><\/p>\n<p><strong>Tegemist on uue haagisega, mis on registreeritud ja valmis liikluses osalema kohe p&auml;rast ostu sooritamist.<\/strong><\/p>\n<p>Omanikuvahetuse algatame Transpordiameti e-keskkonnas hiljemalt j\u00e4rgmisel t\u00f6\u00f6p\u00e4eval. Omanikvahetuse toimingud tuleb Ostjal kinnitada 5 kalendrip\u00e4eva jooksul.<\/p>\n<p>Haagis on valmistatud p\u00f5hjamaistesse oludesse sobivast kuumtsingitud lehtmetallist. Tugevad 2 soonega k\u00fcljeprofiilid suurendavad haagise j\u00e4ikust. Amortidega lehtvedrustus leevendab l\u00f6\u00f6kaukude m\u00f5ju haagisele ja parandab s\u00f5iduomadusi. Veekindlad rummud tagavad laagritele pikema eluea. Metallist pealeastumist taluvad poritiivad ja astmelauad v\u00f5imaldavad haagise mugavamat kasutamist. Veokast on koorma turvaliseks kinnitamiseks varustatud seest rihma-aasadega ja v\u00e4ljast konksudega. Rihma-aasad on kinnitatud haagise k\u00fcljepostidele, et tagada suurem t\u00f5mbetugevus koorma kinnitamisel.  Lisaks on seel\u00e4bi haagise p\u00f5hi t\u00e4ies ulatuses kasutatav ning aasad ei sega peale- ja mahalaadimist (n\u00e4iteks puistematerjal). Kallutatav veokast ja vineeriga tugevdatud tagaluuk v\u00f5imaldab haagist kasutada kergemate s\u00f5idukitega peale ning maha s\u00f5iduks (murutraktor, ATV jms). Komplektis halli plastkaanega.<\/p>\n<p>Vaata <a href=\"https:\/\/youtu.be\/nKWsnzMNY6I?si=UmUB2HvELwTuI05c\" target=\"_blank\" rel=\"noopener\">tootevideot<\/a> sellest haagisest&nbsp;<\/p>\n","protected":false},"featured_media":35882,"template":"","meta":[],"product_cat":[1043],"product_tag":[],"acf":[],"yoast_head":"<!-- This site is optimized with the Yoast SEO plugin v21.2 - https:\/\/yoast.com\/wordpress\/plugins\/seo\/ -->\n<title>Kastihaagis CS300-LH plastkaanega | 24\/7 trailers | Tiki<\/title>\n<meta name=\"description\" content=\"Kastihaagis CS300-LH plastkaanega Meil on 35a kogemust haagiste valmistamisel! \u27a8 Tutvu tootega Tiki e-poes!\" \/>\n<meta name=\"robots\" content=\"index, follow, max-snippet:-1, max-image-preview:large, max-video-preview:-1\" \/>\n<link rel=\"canonical\" href=\"https:\/\/www.tiki.ee\/en\/product\/kastihaagis-cs300-lh-plastkaanega-9\/\" \/>\n<meta property=\"og:locale\" content=\"en_US\" \/>\n<meta property=\"og:type\" content=\"article\" \/>\n<meta property=\"og:title\" content=\"Kastihaagis CS300-LH plastkaanega | 24\/7 trailers | Tiki\" \/>\n<meta property=\"og:description\" content=\"Kastihaagis CS300-LH plastkaanega Meil on 35a kogemust haagiste valmistamisel! \u27a8 Tutvu tootega Tiki e-poes!\" \/>\n<meta property=\"og:url\" content=\"https:\/\/www.tiki.ee\/en\/product\/kastihaagis-cs300-lh-plastkaanega-9\/\" \/>\n<meta property=\"og:site_name\" content=\"Tiki\" \/>\n<meta property=\"article:modified_time\" content=\"2026-04-08T19:45:29+00:00\" \/>\n<meta property=\"og:image\" content=\"https:\/\/www.tiki.ee\/wp-content\/uploads\/2025\/04\/ec0161tikh.jpg\" \/>\n\t<meta property=\"og:image:width\" content=\"1920\" \/>\n\t<meta property=\"og:image:height\" content=\"1280\" \/>\n\t<meta property=\"og:image:type\" content=\"image\/jpeg\" \/>\n<meta name=\"twitter:card\" content=\"summary_large_image\" \/>\n<script type=\"application\/ld+json\" class=\"yoast-schema-graph\">{\"@context\":\"https:\/\/schema.org\",\"@graph\":[{\"@type\":\"WebPage\",\"@id\":\"https:\/\/www.tiki.ee\/en\/product\/kastihaagis-cs300-lh-plastkaanega-9\/\",\"url\":\"https:\/\/www.tiki.ee\/en\/product\/kastihaagis-cs300-lh-plastkaanega-9\/\",\"name\":\"Kastihaagis CS300-LH plastkaanega | 24\/7 trailers | Tiki\",\"isPartOf\":{\"@id\":\"https:\/\/www.tiki.ee\/en\/#website\"},\"datePublished\":\"2025-09-09T13:28:04+00:00\",\"dateModified\":\"2026-04-08T19:45:29+00:00\",\"description\":\"Kastihaagis CS300-LH plastkaanega Meil on 35a kogemust haagiste valmistamisel! \u27a8 Tutvu tootega Tiki e-poes!\",\"breadcrumb\":{\"@id\":\"https:\/\/www.tiki.ee\/en\/product\/kastihaagis-cs300-lh-plastkaanega-9\/#breadcrumb\"},\"inLanguage\":\"en-US\",\"potentialAction\":[{\"@type\":\"ReadAction\",\"target\":[\"https:\/\/www.tiki.ee\/en\/product\/kastihaagis-cs300-lh-plastkaanega-9\/\"]}]},{\"@type\":\"BreadcrumbList\",\"@id\":\"https:\/\/www.tiki.ee\/en\/product\/kastihaagis-cs300-lh-plastkaanega-9\/#breadcrumb\",\"itemListElement\":[{\"@type\":\"ListItem\",\"position\":1,\"name\":\"Pood\",\"item\":\"https:\/\/www.tiki.ee\/pood\/\"},{\"@type\":\"ListItem\",\"position\":2,\"name\":\"Kastihaagis CS300-LH plastkaanega\"}]},{\"@type\":\"WebSite\",\"@id\":\"https:\/\/www.tiki.ee\/en\/#website\",\"url\":\"https:\/\/www.tiki.ee\/en\/\",\"name\":\"Tiki\",\"description\":\"Professionaali Valik\",\"publisher\":{\"@id\":\"https:\/\/www.tiki.ee\/en\/#organization\"},\"potentialAction\":[{\"@type\":\"SearchAction\",\"target\":{\"@type\":\"EntryPoint\",\"urlTemplate\":\"https:\/\/www.tiki.ee\/en\/?s={search_term_string}\"},\"query-input\":\"required name=search_term_string\"}],\"inLanguage\":\"en-US\"},{\"@type\":\"Organization\",\"@id\":\"https:\/\/www.tiki.ee\/en\/#organization\",\"name\":\"Tiki\",\"url\":\"https:\/\/www.tiki.ee\/en\/\",\"logo\":{\"@type\":\"ImageObject\",\"inLanguage\":\"en-US\",\"@id\":\"https:\/\/www.tiki.ee\/en\/#\/schema\/logo\/image\/\",\"url\":\"https:\/\/www.tiki.ee\/wp-content\/uploads\/2022\/12\/logo.svg\",\"contentUrl\":\"https:\/\/www.tiki.ee\/wp-content\/uploads\/2022\/12\/logo.svg\",\"caption\":\"Tiki\"},\"image\":{\"@id\":\"https:\/\/www.tiki.ee\/en\/#\/schema\/logo\/image\/\"}}]}<\/script>\n<!-- \/ Yoast SEO plugin. -->","yoast_head_json":{"title":"Kastihaagis CS300-LH plastkaanega | 24\/7 trailers | Tiki","description":"Kastihaagis CS300-LH plastkaanega Meil on 35a kogemust haagiste valmistamisel! \u27a8 Tutvu tootega Tiki e-poes!","robots":{"index":"index","follow":"follow","max-snippet":"max-snippet:-1","max-image-preview":"max-image-preview:large","max-video-preview":"max-video-preview:-1"},"canonical":"https:\/\/www.tiki.ee\/en\/product\/kastihaagis-cs300-lh-plastkaanega-9\/","og_locale":"en_US","og_type":"article","og_title":"Kastihaagis CS300-LH plastkaanega | 24\/7 trailers | Tiki","og_description":"Kastihaagis CS300-LH plastkaanega Meil on 35a kogemust haagiste valmistamisel! \u27a8 Tutvu tootega Tiki e-poes!","og_url":"https:\/\/www.tiki.ee\/en\/product\/kastihaagis-cs300-lh-plastkaanega-9\/","og_site_name":"Tiki","article_modified_time":"2026-04-08T19:45:29+00:00","og_image":[{"width":1920,"height":1280,"url":"https:\/\/www.tiki.ee\/wp-content\/uploads\/2025\/04\/ec0161tikh.jpg","type":"image\/jpeg"}],"twitter_card":"summary_large_image","schema":{"@context":"https:\/\/schema.org","@graph":[{"@type":"WebPage","@id":"https:\/\/www.tiki.ee\/en\/product\/kastihaagis-cs300-lh-plastkaanega-9\/","url":"https:\/\/www.tiki.ee\/en\/product\/kastihaagis-cs300-lh-plastkaanega-9\/","name":"Kastihaagis CS300-LH plastkaanega | 24\/7 trailers | Tiki","isPartOf":{"@id":"https:\/\/www.tiki.ee\/en\/#website"},"datePublished":"2025-09-09T13:28:04+00:00","dateModified":"2026-04-08T19:45:29+00:00","description":"Kastihaagis CS300-LH plastkaanega Meil on 35a kogemust haagiste valmistamisel! \u27a8 Tutvu tootega Tiki e-poes!","breadcrumb":{"@id":"https:\/\/www.tiki.ee\/en\/product\/kastihaagis-cs300-lh-plastkaanega-9\/#breadcrumb"},"inLanguage":"en-US","potentialAction":[{"@type":"ReadAction","target":["https:\/\/www.tiki.ee\/en\/product\/kastihaagis-cs300-lh-plastkaanega-9\/"]}]},{"@type":"BreadcrumbList","@id":"https:\/\/www.tiki.ee\/en\/product\/kastihaagis-cs300-lh-plastkaanega-9\/#breadcrumb","itemListElement":[{"@type":"ListItem","position":1,"name":"Pood","item":"https:\/\/www.tiki.ee\/pood\/"},{"@type":"ListItem","position":2,"name":"Kastihaagis CS300-LH plastkaanega"}]},{"@type":"WebSite","@id":"https:\/\/www.tiki.ee\/en\/#website","url":"https:\/\/www.tiki.ee\/en\/","name":"Tiki","description":"Professionaali Valik","publisher":{"@id":"https:\/\/www.tiki.ee\/en\/#organization"},"potentialAction":[{"@type":"SearchAction","target":{"@type":"EntryPoint","urlTemplate":"https:\/\/www.tiki.ee\/en\/?s={search_term_string}"},"query-input":"required name=search_term_string"}],"inLanguage":"en-US"},{"@type":"Organization","@id":"https:\/\/www.tiki.ee\/en\/#organization","name":"Tiki","url":"https:\/\/www.tiki.ee\/en\/","logo":{"@type":"ImageObject","inLanguage":"en-US","@id":"https:\/\/www.tiki.ee\/en\/#\/schema\/logo\/image\/","url":"https:\/\/www.tiki.ee\/wp-content\/uploads\/2022\/12\/logo.svg","contentUrl":"https:\/\/www.tiki.ee\/wp-content\/uploads\/2022\/12\/logo.svg","caption":"Tiki"},"image":{"@id":"https:\/\/www.tiki.ee\/en\/#\/schema\/logo\/image\/"}}]}},"_links":{"self":[{"href":"https:\/\/www.tiki.ee\/en\/wp-json\/wp\/v2\/product\/36969"}],"collection":[{"href":"https:\/\/www.tiki.ee\/en\/wp-json\/wp\/v2\/product"}],"about":[{"href":"https:\/\/www.tiki.ee\/en\/wp-json\/wp\/v2\/types\/product"}],"wp:featuredmedia":[{"embeddable":true,"href":"https:\/\/www.tiki.ee\/en\/wp-json\/wp\/v2\/media\/35882"}],"wp:attachment":[{"href":"https:\/\/www.tiki.ee\/en\/wp-json\/wp\/v2\/media?parent=36969"}],"wp:term":[{"taxonomy":"product_cat","embeddable":true,"href":"https:\/\/www.tiki.ee\/en\/wp-json\/wp\/v2\/product_cat?post=36969"},{"taxonomy":"product_tag","embeddable":true,"href":"https:\/\/www.tiki.ee\/en\/wp-json\/wp\/v2\/product_tag?post=36969"}],"curies":[{"name":"wp","href":"https:\/\/api.w.org\/{rel}","templated":true}]}}