{"id":16841,"date":"2020-06-15T16:01:20","date_gmt":"2020-06-15T16:01:20","guid":{"rendered":"https:\/\/www.tiki.ee\/lhv-jarelmaks\/"},"modified":"2023-03-08T08:25:36","modified_gmt":"2023-03-08T08:25:36","slug":"lhv-jarelmaks","status":"publish","type":"page","link":"https:\/\/www.tiki.ee\/en\/lhv-jarelmaks\/","title":{"rendered":"LHV J\u00e4relmaks"},"content":{"rendered":"\r\n<p><strong>Krediidisumma<\/strong>: 50 kuni 10 000 \u20ac<\/p>\r\n\r\n\r\n\r\n<p><strong>Intress<\/strong>: 10,9%<\/p>\r\n\r\n\r\n\r\n<p><strong>Haldustasu:<\/strong> puudub<\/p>\r\n\r\n\r\n\r\n<p><strong>Lepingutasu<\/strong>: al. 9,90 \u20ac<\/p>\r\n\r\n\r\n\r\n<p><strong>Lepingu pikkus<\/strong>: 3 kuud kuni 4 aastat<\/p>\r\n\r\n\r\n\r\n<p><strong>Lepingu muutmine<\/strong>:<br \/>Vajaduse korral saad v\u00f5tta maksepuhkust, muuta kuumakse p\u00e4eva v\u00f5i suurust. Lepingu muutmise tasu on 10 eurot. Lepingu muutmiseks saada kiri aadressile\u00a0<a href=\"mailto:finance@lhv.ee\" target=\"_blank\" rel=\"noreferrer noopener\">finance@lhv.ee<\/a>.<\/p>\r\n\r\n\r\n\r\n<p><strong>Ennet\u00e4htaegne tagastamine<\/strong>:<br \/>Kogu krediidisumma ennet\u00e4htaegne tagastamine on tasuta.<\/p>\r\n\r\n\r\n\r\n<p><strong>Tagasimaksmine<\/strong>:<br \/>Kuumaksed tasu pangakontole EE707700771001062897; saaja: AS LHV Finance: viitenumber: sinu lepingu number.<\/p>\r\n\r\n\r\n\r\n<p>J\u00e4relmaksu pakub AS LHV Finance. Tutvu tingimustega m\u00fc\u00fcgikohas v\u00f5i lhv.ee\/jarelmaks ja k\u00fcsi n\u00f5u meie asjatundjalt. J\u00e4relmaksu igakuise osamakse suurus on 73,00 \u20ac ja krediidi kulukuse m\u00e4\u00e4r on 25,22% aastas j\u00e4rgmistel n\u00e4idistingimustel: kauba\/teenuse maksumus 1000 \u20ac, sissemakse 0%, krediidisumma 1000 \u20ac, intress 10,90% v\u00e4ljastatud krediidisummalt aastas (fikseeritud), lepingutasu 19,90 \u20ac, j\u00e4relmaksu periood 16 kuud, tasumine igakuiste annuiteetmaksetena, maksete kogusumma 1168,06 \u20ac ja tagasimaksete summa 1168,06 \u20ac.<\/p>\r\n","protected":false},"excerpt":{"rendered":"<p>Krediidisumma: 50 kuni 10 000 \u20ac Intress: 10,9% Haldustasu: puudub Lepingutasu: al. 9,90 \u20ac Lepingu pikkus: 3 kuud kuni 4 aastat Lepingu muutmine:Vajaduse korral saad v\u00f5tta maksepuhkust, muuta kuumakse p\u00e4eva v\u00f5i suurust. Lepingu muutmise tasu on 10 eurot. Lepingu muutmiseks saada kiri aadressile\u00a0finance@lhv.ee. Ennet\u00e4htaegne tagastamine:Kogu krediidisumma ennet\u00e4htaegne tagastamine on tasuta. Tagasimaksmine:Kuumaksed tasu pangakontole EE707700771001062897; saaja:<\/p>\n","protected":false},"author":1,"featured_media":0,"parent":0,"menu_order":0,"comment_status":"closed","ping_status":"closed","template":"","meta":{"footnotes":""},"acf":[],"yoast_head":"<!-- This site is optimized with the Yoast SEO plugin v21.2 - https:\/\/yoast.com\/wordpress\/plugins\/seo\/ -->\n<title>LHV J\u00e4relmaks | Tiki<\/title>\n<meta name=\"robots\" content=\"index, follow, max-snippet:-1, max-image-preview:large, max-video-preview:-1\" \/>\n<link rel=\"canonical\" href=\"https:\/\/www.tiki.ee\/en\/lhv-jarelmaks\/\" \/>\n<meta property=\"og:locale\" content=\"en_US\" \/>\n<meta property=\"og:type\" content=\"article\" \/>\n<meta property=\"og:title\" content=\"LHV J\u00e4relmaks | Tiki\" \/>\n<meta property=\"og:description\" content=\"Krediidisumma: 50 kuni 10 000 \u20ac Intress: 10,9% Haldustasu: puudub Lepingutasu: al. 9,90 \u20ac Lepingu pikkus: 3 kuud kuni 4 aastat Lepingu muutmine:Vajaduse korral saad v\u00f5tta maksepuhkust, muuta kuumakse p\u00e4eva v\u00f5i suurust. Lepingu muutmise tasu on 10 eurot. Lepingu muutmiseks saada kiri aadressile\u00a0finance@lhv.ee. Ennet\u00e4htaegne tagastamine:Kogu krediidisumma ennet\u00e4htaegne tagastamine on tasuta. Tagasimaksmine:Kuumaksed tasu pangakontole EE707700771001062897; saaja:\" \/>\n<meta property=\"og:url\" content=\"https:\/\/www.tiki.ee\/en\/lhv-jarelmaks\/\" \/>\n<meta property=\"og:site_name\" content=\"Tiki\" \/>\n<meta property=\"article:modified_time\" content=\"2023-03-08T08:25:36+00:00\" \/>\n<meta name=\"twitter:card\" content=\"summary_large_image\" \/>\n<meta name=\"twitter:label1\" content=\"Est. reading time\" \/>\n\t<meta name=\"twitter:data1\" content=\"1 minute\" \/>\n<script type=\"application\/ld+json\" class=\"yoast-schema-graph\">{\"@context\":\"https:\/\/schema.org\",\"@graph\":[{\"@type\":\"WebPage\",\"@id\":\"https:\/\/www.tiki.ee\/en\/lhv-jarelmaks\/\",\"url\":\"https:\/\/www.tiki.ee\/en\/lhv-jarelmaks\/\",\"name\":\"LHV J\u00e4relmaks | Tiki\",\"isPartOf\":{\"@id\":\"https:\/\/www.tiki.ee\/en\/#website\"},\"datePublished\":\"2020-06-15T16:01:20+00:00\",\"dateModified\":\"2023-03-08T08:25:36+00:00\",\"inLanguage\":\"en-US\",\"potentialAction\":[{\"@type\":\"ReadAction\",\"target\":[\"https:\/\/www.tiki.ee\/en\/lhv-jarelmaks\/\"]}]},{\"@type\":\"WebSite\",\"@id\":\"https:\/\/www.tiki.ee\/en\/#website\",\"url\":\"https:\/\/www.tiki.ee\/en\/\",\"name\":\"Tiki\",\"description\":\"Professionaali Valik\",\"publisher\":{\"@id\":\"https:\/\/www.tiki.ee\/en\/#organization\"},\"potentialAction\":[{\"@type\":\"SearchAction\",\"target\":{\"@type\":\"EntryPoint\",\"urlTemplate\":\"https:\/\/www.tiki.ee\/en\/?s={search_term_string}\"},\"query-input\":\"required name=search_term_string\"}],\"inLanguage\":\"en-US\"},{\"@type\":\"Organization\",\"@id\":\"https:\/\/www.tiki.ee\/en\/#organization\",\"name\":\"Tiki\",\"url\":\"https:\/\/www.tiki.ee\/en\/\",\"logo\":{\"@type\":\"ImageObject\",\"inLanguage\":\"en-US\",\"@id\":\"https:\/\/www.tiki.ee\/en\/#\/schema\/logo\/image\/\",\"url\":\"https:\/\/www.tiki.ee\/wp-content\/uploads\/2022\/12\/logo.svg\",\"contentUrl\":\"https:\/\/www.tiki.ee\/wp-content\/uploads\/2022\/12\/logo.svg\",\"caption\":\"Tiki\"},\"image\":{\"@id\":\"https:\/\/www.tiki.ee\/en\/#\/schema\/logo\/image\/\"}}]}<\/script>\n<!-- \/ Yoast SEO plugin. -->","yoast_head_json":{"title":"LHV J\u00e4relmaks | Tiki","robots":{"index":"index","follow":"follow","max-snippet":"max-snippet:-1","max-image-preview":"max-image-preview:large","max-video-preview":"max-video-preview:-1"},"canonical":"https:\/\/www.tiki.ee\/en\/lhv-jarelmaks\/","og_locale":"en_US","og_type":"article","og_title":"LHV J\u00e4relmaks | Tiki","og_description":"Krediidisumma: 50 kuni 10 000 \u20ac Intress: 10,9% Haldustasu: puudub Lepingutasu: al. 9,90 \u20ac Lepingu pikkus: 3 kuud kuni 4 aastat Lepingu muutmine:Vajaduse korral saad v\u00f5tta maksepuhkust, muuta kuumakse p\u00e4eva v\u00f5i suurust. Lepingu muutmise tasu on 10 eurot. Lepingu muutmiseks saada kiri aadressile\u00a0finance@lhv.ee. Ennet\u00e4htaegne tagastamine:Kogu krediidisumma ennet\u00e4htaegne tagastamine on tasuta. Tagasimaksmine:Kuumaksed tasu pangakontole EE707700771001062897; saaja:","og_url":"https:\/\/www.tiki.ee\/en\/lhv-jarelmaks\/","og_site_name":"Tiki","article_modified_time":"2023-03-08T08:25:36+00:00","twitter_card":"summary_large_image","twitter_misc":{"Est. reading time":"1 minute"},"schema":{"@context":"https:\/\/schema.org","@graph":[{"@type":"WebPage","@id":"https:\/\/www.tiki.ee\/en\/lhv-jarelmaks\/","url":"https:\/\/www.tiki.ee\/en\/lhv-jarelmaks\/","name":"LHV J\u00e4relmaks | Tiki","isPartOf":{"@id":"https:\/\/www.tiki.ee\/en\/#website"},"datePublished":"2020-06-15T16:01:20+00:00","dateModified":"2023-03-08T08:25:36+00:00","inLanguage":"en-US","potentialAction":[{"@type":"ReadAction","target":["https:\/\/www.tiki.ee\/en\/lhv-jarelmaks\/"]}]},{"@type":"WebSite","@id":"https:\/\/www.tiki.ee\/en\/#website","url":"https:\/\/www.tiki.ee\/en\/","name":"Tiki","description":"Professionaali Valik","publisher":{"@id":"https:\/\/www.tiki.ee\/en\/#organization"},"potentialAction":[{"@type":"SearchAction","target":{"@type":"EntryPoint","urlTemplate":"https:\/\/www.tiki.ee\/en\/?s={search_term_string}"},"query-input":"required name=search_term_string"}],"inLanguage":"en-US"},{"@type":"Organization","@id":"https:\/\/www.tiki.ee\/en\/#organization","name":"Tiki","url":"https:\/\/www.tiki.ee\/en\/","logo":{"@type":"ImageObject","inLanguage":"en-US","@id":"https:\/\/www.tiki.ee\/en\/#\/schema\/logo\/image\/","url":"https:\/\/www.tiki.ee\/wp-content\/uploads\/2022\/12\/logo.svg","contentUrl":"https:\/\/www.tiki.ee\/wp-content\/uploads\/2022\/12\/logo.svg","caption":"Tiki"},"image":{"@id":"https:\/\/www.tiki.ee\/en\/#\/schema\/logo\/image\/"}}]}},"_links":{"self":[{"href":"https:\/\/www.tiki.ee\/en\/wp-json\/wp\/v2\/pages\/16841"}],"collection":[{"href":"https:\/\/www.tiki.ee\/en\/wp-json\/wp\/v2\/pages"}],"about":[{"href":"https:\/\/www.tiki.ee\/en\/wp-json\/wp\/v2\/types\/page"}],"author":[{"embeddable":true,"href":"https:\/\/www.tiki.ee\/en\/wp-json\/wp\/v2\/users\/1"}],"replies":[{"embeddable":true,"href":"https:\/\/www.tiki.ee\/en\/wp-json\/wp\/v2\/comments?post=16841"}],"version-history":[{"count":1,"href":"https:\/\/www.tiki.ee\/en\/wp-json\/wp\/v2\/pages\/16841\/revisions"}],"predecessor-version":[{"id":16844,"href":"https:\/\/www.tiki.ee\/en\/wp-json\/wp\/v2\/pages\/16841\/revisions\/16844"}],"wp:attachment":[{"href":"https:\/\/www.tiki.ee\/en\/wp-json\/wp\/v2\/media?parent=16841"}],"curies":[{"name":"wp","href":"https:\/\/api.w.org\/{rel}","templated":true}]}}